{"id":1332,"date":"2021-09-01T04:23:39","date_gmt":"2021-09-01T04:23:39","guid":{"rendered":"http:\/\/jinx.la-studioweb.com\/?page_id=1332"},"modified":"2022-02-04T18:36:56","modified_gmt":"2022-02-04T18:36:56","slug":"ekip","status":"publish","type":"page","link":"http:\/\/elitpettransfer.com\/?page_id=1332","title":{"rendered":"Ekibimiz"},"content":{"rendered":"\t\t<div data-elementor-type=\"wp-page\" data-elementor-id=\"1332\" class=\"elementor elementor-1332\">\n\t\t\t\t\t\t<div class=\"elementor-section elementor-top-section elementor-element elementor-element-5eb66bf elementor-section-height-min-height elementor-section-boxed elementor-section-height-default elementor-section-items-middle e-parent\" data-id=\"5eb66bf\" data-element_type=\"section\" data-e-type=\"section\" data-settings=\"{&quot;background_background&quot;:&quot;classic&quot;}\">\n\t\t\t\t\t\t<div class=\"elementor-container elementor-column-gap-no\">\n\t\t\t\t\t<div class=\"elementor-column elementor-col-100 elementor-top-column elementor-element elementor-element-b3c9e20 lakit-col-width-auto-no\" data-id=\"b3c9e20\" data-element_type=\"column\" data-e-type=\"column\">\n\t\t\t<div class=\"elementor-widget-wrap elementor-element-populated\">\n\t\t\t\t\t\t<div class=\"elementor-element elementor-element-9af1d61 elementor-widget elementor-widget-heading\" data-id=\"9af1d61\" data-element_type=\"widget\" data-e-type=\"widget\" data-widget_type=\"heading.default\">\n\t\t\t\t<div class=\"elementor-widget-container\">\n\t\t\t\t\t<h2 class=\"elementor-heading-title elementor-size-default\">Ekibimiz<\/h2>\t\t\t\t<\/div>\n\t\t\t\t<\/div>\n\t\t\t\t\t<\/div>\n\t\t<\/div>\n\t\t\t\t\t<\/div>\n\t\t<\/div>\n\t\t\t\t<div class=\"elementor-section elementor-top-section elementor-element elementor-element-c8d9873 elementor-section-boxed elementor-section-height-default elementor-section-height-default e-parent\" data-id=\"c8d9873\" data-element_type=\"section\" data-e-type=\"section\">\n\t\t\t\t\t\t<div class=\"elementor-container elementor-column-gap-no\">\n\t\t\t\t\t<div class=\"elementor-column elementor-col-100 elementor-top-column elementor-element elementor-element-1471085 lakit-col-width-auto-no\" data-id=\"1471085\" data-element_type=\"column\" data-e-type=\"column\">\n\t\t\t<div class=\"elementor-widget-wrap elementor-element-populated\">\n\t\t\t\t\t\t<div class=\"elementor-element elementor-element-7eb2207 elementor-widget lastudio-kit elementor-lakit-team-member\" data-id=\"7eb2207\" data-element_type=\"widget\" data-e-type=\"widget\" data-widget_type=\"lakit-team-member.default\">\n\t\t\t\t\t\n<div id=\"tm_7eb2207\" class=\"lakit-team-member layout-type-grid preset-type-10\">\n        <div class=\"lakit-team-member__list_wrapper\">\n        <div class=\"lakit-team-member__list col-row\" data-item_selector=\".lakit-team-member__item\">\n                                <div class=\"lakit-team-member__item col-desk-3 col-tabp-2 col-tab-3 col-lap-3\">\n                        <div class=\"lakit-team-member__inner-box\">\n                            <div class=\"lakit-team-member__inner\">\n                                <div class=\"lakit-team-member__image_wrap\">\n                                    <div class=\"lakit-team-member__link\"><figure class=\"figure__object_fit lakit-team-member__image\"><img fetchpriority=\"high\" decoding=\"async\" width=\"436\" height=\"436\" src=\"http:\/\/elitpettransfer.com\/wp-content\/uploads\/2022\/02\/o-m-1-1.jpg\" class=\"lakit-team-member__image-instance wp-post-image attachment-full size-full wp-image-4516\" alt=\"\" \/><\/figure><\/div>                                <\/div>\n                                <div class=\"lakit-team-member__content\">\n                                        <h4 class=\"lakit-team-member__name\"><div >Buket Fatsal\u0131<\/div><\/h4><div class=\"lakit-team-member__position\"><span>M\u00fcsteri Temsilcisi<\/span><\/div><div class=\"lakit-team-member__socials\"><div class=\"item--social member-social\"><a href=\"https:\/\/www.facebook.com\/\" title=\"Facebook\" class=\"social-facebook facebook\"><i class=\"lastudioicon-b-facebook\"><\/i><\/a><a href=\"https:\/\/www.instagram.com\/\" title=\"Instagram\" class=\"social-instagram instagram\"><i class=\"lastudioicon-b-instagram\"><\/i><\/a><a href=\"https:\/\/twitter.com\/?lang=vi\" title=\"Twitter\" class=\"social-twitter twitter\"><i class=\"lastudioicon-b-twitter\"><\/i><\/a><\/div><\/div>                                <\/div>\n                            <\/div>\n                        <\/div>\n                    <\/div>\n                                        <div class=\"lakit-team-member__item col-desk-3 col-tabp-2 col-tab-3 col-lap-3\">\n                        <div class=\"lakit-team-member__inner-box\">\n                            <div class=\"lakit-team-member__inner\">\n                                <div class=\"lakit-team-member__image_wrap\">\n                                    <div class=\"lakit-team-member__link\"><figure class=\"figure__object_fit lakit-team-member__image\"><img decoding=\"async\" width=\"436\" height=\"436\" src=\"http:\/\/elitpettransfer.com\/wp-content\/uploads\/2022\/02\/t-m-2-1.jpg\" class=\"lakit-team-member__image-instance wp-post-image attachment-full size-full wp-image-4517\" alt=\"\" \/><\/figure><\/div>                                <\/div>\n                                <div class=\"lakit-team-member__content\">\n                                        <h4 class=\"lakit-team-member__name\"><div >Mert Akyol<\/div><\/h4><div class=\"lakit-team-member__position\"><span>Ula\u015ft\u0131rma<\/span><\/div><div class=\"lakit-team-member__socials\"><div class=\"item--social member-social\"><a href=\"https:\/\/www.facebook.com\/\" title=\"Facebook\" class=\"social-facebook facebook\"><i class=\"lastudioicon-b-facebook\"><\/i><\/a><a href=\"https:\/\/www.instagram.com\/\" title=\"Instagram\" class=\"social-instagram instagram\"><i class=\"lastudioicon-b-instagram\"><\/i><\/a><a href=\"https:\/\/twitter.com\/?lang=vi\" title=\"Twitter\" class=\"social-twitter twitter\"><i class=\"lastudioicon-b-twitter\"><\/i><\/a><\/div><\/div>                                <\/div>\n                            <\/div>\n                        <\/div>\n                    <\/div>\n                                        <div class=\"lakit-team-member__item col-desk-3 col-tabp-2 col-tab-3 col-lap-3\">\n                        <div class=\"lakit-team-member__inner-box\">\n                            <div class=\"lakit-team-member__inner\">\n                                <div class=\"lakit-team-member__image_wrap\">\n                                    <div class=\"lakit-team-member__link\"><figure class=\"figure__object_fit lakit-team-member__image\"><img decoding=\"async\" width=\"436\" height=\"436\" src=\"http:\/\/elitpettransfer.com\/wp-content\/uploads\/2022\/02\/t-m-3-1.jpg\" class=\"lakit-team-member__image-instance wp-post-image attachment-full size-full wp-image-4518\" alt=\"\" \/><\/figure><\/div>                                <\/div>\n                                <div class=\"lakit-team-member__content\">\n                                        <h4 class=\"lakit-team-member__name\"><div >Demet Varol<\/div><\/h4><div class=\"lakit-team-member__position\"><span>Ula\u015ft\u0131rma<\/span><\/div><div class=\"lakit-team-member__socials\"><div class=\"item--social member-social\"><a href=\"https:\/\/www.facebook.com\/\" title=\"Facebook\" class=\"social-facebook facebook\"><i class=\"lastudioicon-b-facebook\"><\/i><\/a><a href=\"https:\/\/www.instagram.com\/\" title=\"Instagram\" class=\"social-instagram instagram\"><i class=\"lastudioicon-b-instagram\"><\/i><\/a><a href=\"https:\/\/twitter.com\/?lang=vi\" title=\"Twitter\" class=\"social-twitter twitter\"><i class=\"lastudioicon-b-twitter\"><\/i><\/a><\/div><\/div>                                <\/div>\n                            <\/div>\n                        <\/div>\n                    <\/div>\n                                        <div class=\"lakit-team-member__item col-desk-3 col-tabp-2 col-tab-3 col-lap-3\">\n                        <div class=\"lakit-team-member__inner-box\">\n                            <div class=\"lakit-team-member__inner\">\n                                <div class=\"lakit-team-member__image_wrap\">\n                                    <div class=\"lakit-team-member__link\"><figure class=\"figure__object_fit lakit-team-member__image\"><img loading=\"lazy\" decoding=\"async\" width=\"436\" height=\"436\" src=\"http:\/\/elitpettransfer.com\/wp-content\/uploads\/2022\/02\/o-m-2-1.jpg\" class=\"lakit-team-member__image-instance wp-post-image attachment-full size-full wp-image-4533\" alt=\"\" \/><\/figure><\/div>                                <\/div>\n                                <div class=\"lakit-team-member__content\">\n                                        <h4 class=\"lakit-team-member__name\"><div >K\u00fcr\u015fad Kulaks\u0131z<\/div><\/h4><div class=\"lakit-team-member__position\"><span>Veteriner<\/span><\/div><div class=\"lakit-team-member__socials\"><div class=\"item--social member-social\"><a href=\"https:\/\/www.facebook.com\/\" title=\"Facebook\" class=\"social-facebook facebook\"><i class=\"lastudioicon-b-facebook\"><\/i><\/a><a href=\"https:\/\/www.instagram.com\/\" title=\"Instagram\" class=\"social-instagram instagram\"><i class=\"lastudioicon-b-instagram\"><\/i><\/a><a href=\"https:\/\/twitter.com\/?lang=vi\" title=\"Twitter\" class=\"social-twitter twitter\"><i class=\"lastudioicon-b-twitter\"><\/i><\/a><\/div><\/div>                                <\/div>\n                            <\/div>\n                        <\/div>\n                    <\/div>\n                                        <div class=\"lakit-team-member__item col-desk-3 col-tabp-2 col-tab-3 col-lap-3\">\n                        <div class=\"lakit-team-member__inner-box\">\n                            <div class=\"lakit-team-member__inner\">\n                                <div class=\"lakit-team-member__image_wrap\">\n                                    <a class=\"lakit-team-member__link\" href=\"http:\/\/elitpettransfer.com\/?page_id=3063\" title=\"Selma \u015eahin\"><figure class=\"figure__object_fit lakit-team-member__image\"><img loading=\"lazy\" decoding=\"async\" width=\"436\" height=\"436\" src=\"http:\/\/elitpettransfer.com\/wp-content\/uploads\/2022\/02\/o-m-3-1.jpg\" class=\"lakit-team-member__image-instance wp-post-image attachment-full size-full wp-image-4534\" alt=\"\" \/><\/figure><\/a>                                <\/div>\n                                <div class=\"lakit-team-member__content\">\n                                        <h4 class=\"lakit-team-member__name\"><a href=\"http:\/\/elitpettransfer.com\/?page_id=3063\" title=\"Selma \u015eahin\">Selma \u015eahin<\/a><\/h4><div class=\"lakit-team-member__position\"><span>Veteriner<\/span><\/div><div class=\"lakit-team-member__socials\"><div class=\"item--social member-social\"><a href=\"https:\/\/www.facebook.com\/\" title=\"Facebook\" class=\"social-facebook facebook\"><i class=\"lastudioicon-b-facebook\"><\/i><\/a><a href=\"https:\/\/www.instagram.com\/\" title=\"Instagram\" class=\"social-instagram instagram\"><i class=\"lastudioicon-b-instagram\"><\/i><\/a><a href=\"https:\/\/twitter.com\/?lang=vi\" title=\"Twitter\" class=\"social-twitter twitter\"><i class=\"lastudioicon-b-twitter\"><\/i><\/a><\/div><\/div>                                <\/div>\n                            <\/div>\n                        <\/div>\n                    <\/div>\n                                        <div class=\"lakit-team-member__item col-desk-3 col-tabp-2 col-tab-3 col-lap-3\">\n                        <div class=\"lakit-team-member__inner-box\">\n                            <div class=\"lakit-team-member__inner\">\n                                <div class=\"lakit-team-member__image_wrap\">\n                                    <div class=\"lakit-team-member__link\"><figure class=\"figure__object_fit lakit-team-member__image\"><img loading=\"lazy\" decoding=\"async\" width=\"436\" height=\"436\" src=\"http:\/\/elitpettransfer.com\/wp-content\/uploads\/2022\/02\/o-m-4-1.jpg\" class=\"lakit-team-member__image-instance wp-post-image attachment-full size-full wp-image-4535\" alt=\"\" \/><\/figure><\/div>                                <\/div>\n                                <div class=\"lakit-team-member__content\">\n                                        <h4 class=\"lakit-team-member__name\"><div >Serkan G\u00fczel<\/div><\/h4><div class=\"lakit-team-member__position\"><span>Kordinat\u00f6r<\/span><\/div><div class=\"lakit-team-member__socials\"><div class=\"item--social member-social\"><a href=\"https:\/\/www.facebook.com\/\" title=\"Facebook\" class=\"social-facebook facebook\"><i class=\"lastudioicon-b-facebook\"><\/i><\/a><a href=\"https:\/\/www.instagram.com\/\" title=\"Instagram\" class=\"social-instagram instagram\"><i class=\"lastudioicon-b-instagram\"><\/i><\/a><a href=\"https:\/\/twitter.com\/?lang=vi\" title=\"Twitter\" class=\"social-twitter twitter\"><i class=\"lastudioicon-b-twitter\"><\/i><\/a><\/div><\/div>                                <\/div>\n                            <\/div>\n                        <\/div>\n                    <\/div>\n                            <\/div>\n    <\/div>\n    <\/div>\t\t\t\t<\/div>\n\t\t\t\t\t<\/div>\n\t\t<\/div>\n\t\t\t\t\t<\/div>\n\t\t<\/div>\n\t\t\t\t<div class=\"elementor-section elementor-top-section elementor-element elementor-element-177421a elementor-section-boxed elementor-section-height-default elementor-section-height-default e-parent\" data-id=\"177421a\" data-element_type=\"section\" data-e-type=\"section\" data-settings=\"{&quot;background_background&quot;:&quot;classic&quot;}\">\n\t\t\t\t\t\t<div class=\"elementor-container elementor-column-gap-no\">\n\t\t\t\t\t<div class=\"elementor-column elementor-col-50 elementor-top-column elementor-element elementor-element-24c3840 lakit-col-width-auto-no\" data-id=\"24c3840\" data-element_type=\"column\" data-e-type=\"column\">\n\t\t\t<div class=\"elementor-widget-wrap elementor-element-populated\">\n\t\t\t\t\t\t<div class=\"elementor-element elementor-element-f2892b4 elementor-widget__width-initial elementor-widget elementor-widget-image\" data-id=\"f2892b4\" data-element_type=\"widget\" data-e-type=\"widget\" data-widget_type=\"image.default\">\n\t\t\t\t<div class=\"elementor-widget-container\">\n\t\t\t\t\t\t\t\t\t\t\t\t\t\t\t<img loading=\"lazy\" decoding=\"async\" width=\"532\" height=\"792\" src=\"http:\/\/elitpettransfer.com\/wp-content\/uploads\/2022\/02\/o-m-5-1.png\" class=\"attachment-full size-full wp-image-4536\" alt=\"\" \/>\t\t\t\t\t\t\t\t\t\t\t\t\t\t\t<\/div>\n\t\t\t\t<\/div>\n\t\t\t\t<div class=\"elementor-element elementor-element-0d745e0 elementor-widget__width-initial elementor-widget-mobile__width-initial elementor-absolute elementor-widget elementor-widget-image\" data-id=\"0d745e0\" data-element_type=\"widget\" data-e-type=\"widget\" data-settings=\"{&quot;_position&quot;:&quot;absolute&quot;}\" data-widget_type=\"image.default\">\n\t\t\t\t<div class=\"elementor-widget-container\">\n\t\t\t\t\t\t\t\t\t\t\t\t\t\t\t<img loading=\"lazy\" decoding=\"async\" width=\"354\" height=\"332\" src=\"http:\/\/elitpettransfer.com\/wp-content\/uploads\/2022\/02\/o-m-7-1.png\" class=\"attachment-full size-full wp-image-4537\" alt=\"\" \/>\t\t\t\t\t\t\t\t\t\t\t\t\t\t\t<\/div>\n\t\t\t\t<\/div>\n\t\t\t\t<div class=\"elementor-element elementor-element-d094855 elementor-widget__width-initial elementor-widget-mobile__width-initial elementor-absolute elementor-widget elementor-widget-image\" data-id=\"d094855\" data-element_type=\"widget\" data-e-type=\"widget\" data-settings=\"{&quot;_position&quot;:&quot;absolute&quot;}\" data-widget_type=\"image.default\">\n\t\t\t\t<div class=\"elementor-widget-container\">\n\t\t\t\t\t\t\t\t\t\t\t\t\t\t\t<img loading=\"lazy\" decoding=\"async\" width=\"874\" height=\"891\" src=\"http:\/\/elitpettransfer.com\/wp-content\/uploads\/2022\/02\/o-m-6-1.png\" class=\"attachment-full size-full wp-image-4538\" alt=\"\" \/>\t\t\t\t\t\t\t\t\t\t\t\t\t\t\t<\/div>\n\t\t\t\t<\/div>\n\t\t\t\t\t<\/div>\n\t\t<\/div>\n\t\t\t\t<div class=\"elementor-column elementor-col-50 elementor-top-column elementor-element elementor-element-b0d282e lakit-col-width-auto-no\" data-id=\"b0d282e\" data-element_type=\"column\" data-e-type=\"column\">\n\t\t\t<div class=\"elementor-widget-wrap elementor-element-populated\">\n\t\t\t\t\t\t<div class=\"elementor-element elementor-element-80a42b5 elementor-widget elementor-widget-heading\" data-id=\"80a42b5\" data-element_type=\"widget\" data-e-type=\"widget\" data-widget_type=\"heading.default\">\n\t\t\t\t<div class=\"elementor-widget-container\">\n\t\t\t\t\t<h2 class=\"elementor-heading-title elementor-size-default\">Arzu G\u00fclen -  <span>Halkla \u0130li\u015fkiler&lt;\/span?<\/h2>\t\t\t\t<\/div>\n\t\t\t\t<\/div>\n\t\t\t\t<div class=\"elementor-element elementor-element-65098ff elementor-widget elementor-widget-text-editor\" data-id=\"65098ff\" data-element_type=\"widget\" data-e-type=\"widget\" data-widget_type=\"text-editor.default\">\n\t\t\t\t<div class=\"elementor-widget-container\">\n\t\t\t\t\t\t\t\t\t<p>Sizlere \u00e7ok daha iyi hizmet verebilmek ad\u0131na t\u00fcm ihtiya\u00e7lar\u0131n\u0131za ve sorular\u0131n\u0131za cevap verebilmek i\u00e7in haz\u0131r bekliyorum.<\/p>\t\t\t\t\t\t\t\t<\/div>\n\t\t\t\t<\/div>\n\t\t\t\t<div class=\"elementor-element elementor-element-5861019 e-grid-align-left elementor-shape-rounded elementor-grid-0 elementor-widget elementor-widget-social-icons\" data-id=\"5861019\" data-element_type=\"widget\" data-e-type=\"widget\" data-widget_type=\"social-icons.default\">\n\t\t\t\t<div class=\"elementor-widget-container\">\n\t\t\t\t\t\t\t<div class=\"elementor-social-icons-wrapper elementor-grid\" role=\"list\">\n\t\t\t\t\t\t\t<span class=\"elementor-grid-item\" role=\"listitem\">\n\t\t\t\t\t<a class=\"elementor-icon elementor-social-icon elementor-social-icon-lastudioicon-b-facebook elementor-repeater-item-f67c805\" href=\"https:\/\/www.facebook.com\/\" target=\"_blank\">\n\t\t\t\t\t\t<span class=\"elementor-screen-only\">Lastudioicon-b-facebook<\/span>\n\t\t\t\t\t\t<svg xmlns=\"http:\/\/www.w3.org\/2000\/svg\" width=\"172\" height=\"300\" viewBox=\"0 0 172 300\" class=\"lakit-font-icon-svg\" data-icon-name=\"b-facebook\" data-icon-type=\"LaStudioIcons\"><path d=\"M160.5 2.1v44.1h-26.1q-14.4 0-19.5 6t-5.1 18V102H159l-6.6 49.5h-42.6v127.2H58.5V151.5H15.9V102h42.6V65.4q0-31.2 17.4-48.3T122.4 0q24.6 0 38.1 2.1z\" fill=\"currentColor\"\/><\/svg>\t\t\t\t\t<\/a>\n\t\t\t\t<\/span>\n\t\t\t\t\t\t\t<span class=\"elementor-grid-item\" role=\"listitem\">\n\t\t\t\t\t<a class=\"elementor-icon elementor-social-icon elementor-social-icon-lastudioicon-b-instagram-1 elementor-repeater-item-0681b95\" href=\"https:\/\/www.instagram.com\/\" target=\"_blank\">\n\t\t\t\t\t\t<span class=\"elementor-screen-only\">Lastudioicon-b-instagram-1<\/span>\n\t\t\t\t\t\t<svg xmlns=\"http:\/\/www.w3.org\/2000\/svg\" width=\"258\" height=\"300\" viewBox=\"0 0 258 300\" class=\"lakit-font-icon-svg\" data-icon-name=\"b-instagram-1\" data-icon-type=\"LaStudioIcons\"><path d=\"M207 150q0-7.8-1.8-15H258v103.2q0 16.8-11.7 28.8t-28.5 12H40.2q-16.8 0-28.5-12T0 238.2V135h52.2q-1.2 9.6-1.2 15 0 31.8 22.8 54.9T129 228q31.8 0 54.9-23.1T207 150zm10.8-129q16.8 0 28.5 11.7T258 61.2V105h-65.4Q169.2 72 129 72q-41.4 0-63.6 33H0V61.2q0-16.8 11.7-28.5T40.2 21h177.6zM237 70.8V49.2q0-7.2-7.2-7.2h-21.6q-7.2 0-7.2 7.2v21.6q0 2.4 2.1 4.8t5.1 2.4h21.6q7.2 0 7.2-7.2zM177 150q0 19.8-14.1 33.9T129 198t-33.9-14.1T81 150q0-20.4 14.1-34.2T129 102t33.9 13.8T177 150z\" fill=\"currentColor\"\/><\/svg>\t\t\t\t\t<\/a>\n\t\t\t\t<\/span>\n\t\t\t\t\t\t\t<span class=\"elementor-grid-item\" role=\"listitem\">\n\t\t\t\t\t<a class=\"elementor-icon elementor-social-icon elementor-social-icon-lastudioicon-b-twitter elementor-repeater-item-e0d53a2\" href=\"https:\/\/twitter.com\/?lang=vi\" target=\"_blank\">\n\t\t\t\t\t\t<span class=\"elementor-screen-only\">Lastudioicon-b-twitter<\/span>\n\t\t\t\t\t\t<svg xmlns=\"http:\/\/www.w3.org\/2000\/svg\" width=\"279\" height=\"300\" viewBox=\"0 0 279 300\" class=\"lakit-font-icon-svg\" data-icon-name=\"b-twitter\" data-icon-type=\"LaStudioIcons\"><path d=\"M271.2 68.4q-11.1 16.2-27 27.9v6.9q0 21.9-6.3 43.5t-19.2 41.7-30.9 35.1-43.2 24.6-54.3 9q-45.3 0-82.8-24.3 5.7.6 12.9.6 37.8 0 67.2-23.1-17.7-.3-31.5-10.8t-19.2-26.7q5.7.9 10.2.9 7.2 0 14.4-1.8-18.9-3.9-31.2-18.6T18 118.8v-.6q11.4 6.3 24.6 6.9-11.1-7.5-17.7-19.2t-6.6-25.8q0-14.7 7.5-27.3Q46.2 77.7 75 92.7t62.4 16.5q-1.5-6.3-1.5-12.3 0-22.5 15.9-38.1t38.1-15.9q23.7 0 39.6 17.1 18.3-3.6 34.5-13.2-6.3 19.2-24 30 15.6-1.8 31.2-8.4z\" fill=\"currentColor\"\/><\/svg>\t\t\t\t\t<\/a>\n\t\t\t\t<\/span>\n\t\t\t\t\t<\/div>\n\t\t\t\t\t\t<\/div>\n\t\t\t\t<\/div>\n\t\t\t\t<div class=\"elementor-element elementor-element-105d30e elementor-widget__width-initial elementor-widget-tablet__width-initial elementor-absolute elementor-widget elementor-widget-image\" data-id=\"105d30e\" data-element_type=\"widget\" data-e-type=\"widget\" data-settings=\"{&quot;_position&quot;:&quot;absolute&quot;}\" data-widget_type=\"image.default\">\n\t\t\t\t<div class=\"elementor-widget-container\">\n\t\t\t\t\t\t\t\t\t\t\t\t\t\t\t<img loading=\"lazy\" decoding=\"async\" width=\"101\" height=\"105\" src=\"http:\/\/elitpettransfer.com\/wp-content\/uploads\/2022\/02\/o-m-8-1.png\" class=\"attachment-full size-full wp-image-4539\" alt=\"\" \/>\t\t\t\t\t\t\t\t\t\t\t\t\t\t\t<\/div>\n\t\t\t\t<\/div>\n\t\t\t\t\t<\/div>\n\t\t<\/div>\n\t\t\t\t\t<\/div>\n\t\t<\/div>\n\t\t\t\t<\/div>\n\t\t","protected":false},"excerpt":{"rendered":"<p>Ekibimiz Buket Fatsal\u0131 M\u00fcsteri Temsilcisi Mert Akyol Ula\u015ft\u0131rma Demet Varol Ula\u015ft\u0131rma K\u00fcr\u015fad Kulaks\u0131z Veteriner Selma \u015eahin Veteriner Serkan G\u00fczel Kordinat\u00f6r Arzu G\u00fclen &#8211; Halkla \u0130li\u015fkiler [&hellip;]<\/p>\n","protected":false},"author":1,"featured_media":0,"parent":0,"menu_order":0,"comment_status":"closed","ping_status":"closed","template":"","meta":{"_joinchat":[],"footnotes":""},"class_list":["post-1332","page","type-page","status-publish","hentry"],"_links":{"self":[{"href":"http:\/\/elitpettransfer.com\/index.php?rest_route=\/wp\/v2\/pages\/1332","targetHints":{"allow":["GET"]}}],"collection":[{"href":"http:\/\/elitpettransfer.com\/index.php?rest_route=\/wp\/v2\/pages"}],"about":[{"href":"http:\/\/elitpettransfer.com\/index.php?rest_route=\/wp\/v2\/types\/page"}],"author":[{"embeddable":true,"href":"http:\/\/elitpettransfer.com\/index.php?rest_route=\/wp\/v2\/users\/1"}],"replies":[{"embeddable":true,"href":"http:\/\/elitpettransfer.com\/index.php?rest_route=%2Fwp%2Fv2%2Fcomments&post=1332"}],"version-history":[{"count":5,"href":"http:\/\/elitpettransfer.com\/index.php?rest_route=\/wp\/v2\/pages\/1332\/revisions"}],"predecessor-version":[{"id":4936,"href":"http:\/\/elitpettransfer.com\/index.php?rest_route=\/wp\/v2\/pages\/1332\/revisions\/4936"}],"wp:attachment":[{"href":"http:\/\/elitpettransfer.com\/index.php?rest_route=%2Fwp%2Fv2%2Fmedia&parent=1332"}],"curies":[{"name":"wp","href":"https:\/\/api.w.org\/{rel}","templated":true}]}}