{"id":1400,"date":"2021-09-01T07:36:59","date_gmt":"2021-09-01T07:36:59","guid":{"rendered":"http:\/\/jinx.la-studioweb.com\/?page_id=1400"},"modified":"2022-02-04T18:18:46","modified_gmt":"2022-02-04T18:18:46","slug":"sss","status":"publish","type":"page","link":"http:\/\/elitpettransfer.com\/?page_id=1400","title":{"rendered":"S\u0131k\u00e7a Sorulan Sorular"},"content":{"rendered":"\t\t<div data-elementor-type=\"wp-page\" data-elementor-id=\"1400\" class=\"elementor elementor-1400\">\n\t\t\t\t\t\t<div class=\"elementor-section elementor-top-section elementor-element elementor-element-30704d2 elementor-section-height-min-height elementor-section-boxed elementor-section-height-default elementor-section-items-middle e-parent\" data-id=\"30704d2\" data-element_type=\"section\" data-e-type=\"section\" data-settings=\"{&quot;background_background&quot;:&quot;classic&quot;}\">\n\t\t\t\t\t\t<div class=\"elementor-container elementor-column-gap-no\">\n\t\t\t\t\t<div class=\"elementor-column elementor-col-100 elementor-top-column elementor-element elementor-element-afd72f9 lakit-col-width-auto-no\" data-id=\"afd72f9\" data-element_type=\"column\" data-e-type=\"column\">\n\t\t\t<div class=\"elementor-widget-wrap elementor-element-populated\">\n\t\t\t\t\t\t<div class=\"elementor-element elementor-element-d8429a8 elementor-widget elementor-widget-heading\" data-id=\"d8429a8\" data-element_type=\"widget\" data-e-type=\"widget\" data-widget_type=\"heading.default\">\n\t\t\t\t<div class=\"elementor-widget-container\">\n\t\t\t\t\t<h2 class=\"elementor-heading-title elementor-size-default\">Yard\u0131ma M\u0131 \u0130htiyac\u0131n\u0131z  Var?<\/h2>\t\t\t\t<\/div>\n\t\t\t\t<\/div>\n\t\t\t\t<div class=\"elementor-element elementor-element-c8adbf1 elementor-widget__width-initial elementor-widget lastudio-kit elementor-lakit-subscribe-form\" data-id=\"c8adbf1\" data-element_type=\"widget\" data-e-type=\"widget\" data-widget_type=\"lakit-subscribe-form.default\">\n\t\t\t\t\t<div class=\"lakit-subscribe-form lakit-subscribe-form--inline-layout\" data-settings=\"{&quot;redirect&quot;:false,&quot;redirect_url&quot;:&quot;#&quot;,&quot;use_target_list_id&quot;:false,&quot;target_list_id&quot;:&quot;&quot;}\">\n\t<form method=\"POST\" action=\"#\" class=\"lakit-subscribe-form__form\">\n\t\t<div class=\"lakit-subscribe-form__input-group\">\n\t\t\t<div class=\"lakit-subscribe-form__fields\">\n\t\t\t\t<input class=\"lakit-subscribe-form__input lakit-subscribe-form__mail-field\" type=\"email\" name=\"email\" placeholder=\"E-Posta Adresiniz\" autocomplete=\"email\" data-instance-data=\"[]\"\/><\/div>\n            <a class=\"lakit-subscribe-form__submit elementor-button elementor-size-md\" href=\"#\" aria-label=\"Subscribe to newsletter\"><span class=\"elementor-icon\"><i aria-hidden=\"true\" class=\"lakit-subscribe-form__submit-icon icofont icofont-search-1\"><\/i><\/span><span class=\"lakit-subscribe-form__submit-text\"><\/span><\/a>\t\t<\/div>\n        \t\t<div class=\"lakit-subscribe-form__message\"><div class=\"lakit-subscribe-form__message-inner\"><span><\/span><\/div><\/div>\n\t<\/form>\n<\/div>\n\t\t\t\t<\/div>\n\t\t\t\t\t<\/div>\n\t\t<\/div>\n\t\t\t\t\t<\/div>\n\t\t<\/div>\n\t\t\t\t<div class=\"elementor-section elementor-top-section elementor-element elementor-element-d637855 elementor-section-boxed elementor-section-height-default elementor-section-height-default e-parent\" data-id=\"d637855\" data-element_type=\"section\" data-e-type=\"section\">\n\t\t\t\t\t\t<div class=\"elementor-container elementor-column-gap-no\">\n\t\t\t\t\t<div class=\"elementor-column elementor-col-100 elementor-top-column elementor-element elementor-element-5882ac9 lakit-col-width-auto-no\" data-id=\"5882ac9\" data-element_type=\"column\" data-e-type=\"column\">\n\t\t\t<div class=\"elementor-widget-wrap elementor-element-populated\">\n\t\t\t\t\t\t<div class=\"elementor-element elementor-element-b55a84b elementor-widget elementor-widget-heading\" data-id=\"b55a84b\" data-element_type=\"widget\" data-e-type=\"widget\" data-widget_type=\"heading.default\">\n\t\t\t\t<div class=\"elementor-widget-container\">\n\t\t\t\t\t<h2 class=\"elementor-heading-title elementor-size-default\">S\u0131k\u00e7a Sorulan Sorular<\/h2>\t\t\t\t<\/div>\n\t\t\t\t<\/div>\n\t\t\t\t<div class=\"elementor-section elementor-inner-section elementor-element elementor-element-37ac63e elementor-section-full_width elementor-section-height-default elementor-section-height-default\" data-id=\"37ac63e\" data-element_type=\"section\" data-e-type=\"section\">\n\t\t\t\t\t\t<div class=\"elementor-container elementor-column-gap-no\">\n\t\t\t\t\t<div class=\"elementor-column elementor-col-50 elementor-inner-column elementor-element elementor-element-053528e lakit-col-width-auto-no\" data-id=\"053528e\" data-element_type=\"column\" data-e-type=\"column\">\n\t\t\t<div class=\"elementor-widget-wrap elementor-element-populated\">\n\t\t\t\t\t\t<div class=\"elementor-element elementor-element-6995ff5 elementor-widget elementor-widget-accordion\" data-id=\"6995ff5\" data-element_type=\"widget\" data-e-type=\"widget\" data-widget_type=\"accordion.default\">\n\t\t\t\t<div class=\"elementor-widget-container\">\n\t\t\t\t\t\t\t<div class=\"elementor-accordion\">\n\t\t\t\t\t\t\t<div class=\"elementor-accordion-item\">\n\t\t\t\t\t<div id=\"elementor-tab-title-1101\" class=\"elementor-tab-title\" data-tab=\"1\" role=\"button\" aria-controls=\"elementor-tab-content-1101\" aria-expanded=\"false\">\n\t\t\t\t\t\t\t\t\t\t\t\t\t<span class=\"elementor-accordion-icon elementor-accordion-icon-right\" aria-hidden=\"true\">\n\t\t\t\t\t\t\t\t\t\t\t\t\t\t\t<span class=\"elementor-accordion-icon-closed\"><svg xmlns=\"http:\/\/www.w3.org\/2000\/svg\" width=\"300\" height=\"300\" viewBox=\"0 0 300 300\" class=\"lakit-font-icon-svg\" data-icon-name=\"up-arrow\" data-icon-type=\"LaStudioIcons\"><path d=\"M275.1 230.1L150 105.3 24.9 230.1 7.2 212.4 141.3 78.6c4.8-4.8 12.6-4.8 17.7 0l133.8 133.8-17.7 17.7z\" fill=\"currentColor\"\/><\/svg><\/span>\n\t\t\t\t\t\t\t\t<span class=\"elementor-accordion-icon-opened\"><svg xmlns=\"http:\/\/www.w3.org\/2000\/svg\" width=\"300\" height=\"300\" viewBox=\"0 0 300 300\" class=\"lakit-font-icon-svg\" data-icon-name=\"down-arrow\" data-icon-type=\"LaStudioIcons\"><path d=\"M150 225c-3.3 0-6.3-1.2-8.7-3.6L7.2 87.6l17.7-17.7L150 194.7 275.1 69.9l17.7 17.7L159 221.4c-2.7 2.4-5.7 3.6-9 3.6z\" fill=\"currentColor\"\/><\/svg><\/span>\n\t\t\t\t\t\t\t\t\t\t\t\t\t\t<\/span>\n\t\t\t\t\t\t\t\t\t\t\t\t<a class=\"elementor-accordion-title\" tabindex=\"0\">Uzun yolculuklarda evcil hayvanlar\u0131n uyku saatlerine dikkat ediliyor mu?<\/a>\n\t\t\t\t\t<\/div>\n\t\t\t\t\t<div id=\"elementor-tab-content-1101\" class=\"elementor-tab-content elementor-clearfix\" data-tab=\"1\" role=\"region\" aria-labelledby=\"elementor-tab-title-1101\"><p>Uzun yolculuklarda evcil hayvanlar\u0131n rahat uyuyabilmesi ve personellerimizin istirahat edebilmeleri i\u00e7in gece saatlerinde pet nakil ara\u00e7lar\u0131m\u0131z dinlenmeye\u00a0ge\u00e7er. Verilen molalarda pet nakil arac\u0131m\u0131z\u0131n \u0131s\u0131s\u0131n\u0131 sabit tutmak i\u00e7in klimalar\u0131m\u0131z\u00a0s\u00fcrekli \u00e7al\u0131\u015fmaktad\u0131r.<\/p><\/div>\n\t\t\t\t<\/div>\n\t\t\t\t\t\t\t<div class=\"elementor-accordion-item\">\n\t\t\t\t\t<div id=\"elementor-tab-title-1102\" class=\"elementor-tab-title\" data-tab=\"2\" role=\"button\" aria-controls=\"elementor-tab-content-1102\" aria-expanded=\"false\">\n\t\t\t\t\t\t\t\t\t\t\t\t\t<span class=\"elementor-accordion-icon elementor-accordion-icon-right\" aria-hidden=\"true\">\n\t\t\t\t\t\t\t\t\t\t\t\t\t\t\t<span class=\"elementor-accordion-icon-closed\"><svg xmlns=\"http:\/\/www.w3.org\/2000\/svg\" width=\"300\" height=\"300\" viewBox=\"0 0 300 300\" class=\"lakit-font-icon-svg\" data-icon-name=\"up-arrow\" data-icon-type=\"LaStudioIcons\"><path d=\"M275.1 230.1L150 105.3 24.9 230.1 7.2 212.4 141.3 78.6c4.8-4.8 12.6-4.8 17.7 0l133.8 133.8-17.7 17.7z\" fill=\"currentColor\"\/><\/svg><\/span>\n\t\t\t\t\t\t\t\t<span class=\"elementor-accordion-icon-opened\"><svg xmlns=\"http:\/\/www.w3.org\/2000\/svg\" width=\"300\" height=\"300\" viewBox=\"0 0 300 300\" class=\"lakit-font-icon-svg\" data-icon-name=\"down-arrow\" data-icon-type=\"LaStudioIcons\"><path d=\"M150 225c-3.3 0-6.3-1.2-8.7-3.6L7.2 87.6l17.7-17.7L150 194.7 275.1 69.9l17.7 17.7L159 221.4c-2.7 2.4-5.7 3.6-9 3.6z\" fill=\"currentColor\"\/><\/svg><\/span>\n\t\t\t\t\t\t\t\t\t\t\t\t\t\t<\/span>\n\t\t\t\t\t\t\t\t\t\t\t\t<a class=\"elementor-accordion-title\" tabindex=\"0\">Ebeveynsiz yolculu\u011fa \u00e7\u0131kacak evcil hayvan en az ka\u00e7 ayl\u0131k olmal\u0131d\u0131r?<\/a>\n\t\t\t\t\t<\/div>\n\t\t\t\t\t<div id=\"elementor-tab-content-1102\" class=\"elementor-tab-content elementor-clearfix\" data-tab=\"2\" role=\"region\" aria-labelledby=\"elementor-tab-title-1102\"><p>Ebeveynsiz yolculu\u011fa \u00e7\u0131kacak evcil hayvan en az 60 g\u00fcnl\u00fck olmal\u0131d\u0131r. Duruma\u00a0g\u00f6re 45 g\u00fcnl\u00fck yavrular da veteriner onay\u0131 al\u0131nd\u0131ktan sonra ara\u00e7 yolculu\u011fu\u00a0yapabilirler.<\/p><\/div>\n\t\t\t\t<\/div>\n\t\t\t\t\t\t\t<div class=\"elementor-accordion-item\">\n\t\t\t\t\t<div id=\"elementor-tab-title-1103\" class=\"elementor-tab-title\" data-tab=\"3\" role=\"button\" aria-controls=\"elementor-tab-content-1103\" aria-expanded=\"false\">\n\t\t\t\t\t\t\t\t\t\t\t\t\t<span class=\"elementor-accordion-icon elementor-accordion-icon-right\" aria-hidden=\"true\">\n\t\t\t\t\t\t\t\t\t\t\t\t\t\t\t<span class=\"elementor-accordion-icon-closed\"><svg xmlns=\"http:\/\/www.w3.org\/2000\/svg\" width=\"300\" height=\"300\" viewBox=\"0 0 300 300\" class=\"lakit-font-icon-svg\" data-icon-name=\"up-arrow\" data-icon-type=\"LaStudioIcons\"><path d=\"M275.1 230.1L150 105.3 24.9 230.1 7.2 212.4 141.3 78.6c4.8-4.8 12.6-4.8 17.7 0l133.8 133.8-17.7 17.7z\" fill=\"currentColor\"\/><\/svg><\/span>\n\t\t\t\t\t\t\t\t<span class=\"elementor-accordion-icon-opened\"><svg xmlns=\"http:\/\/www.w3.org\/2000\/svg\" width=\"300\" height=\"300\" viewBox=\"0 0 300 300\" class=\"lakit-font-icon-svg\" data-icon-name=\"down-arrow\" data-icon-type=\"LaStudioIcons\"><path d=\"M150 225c-3.3 0-6.3-1.2-8.7-3.6L7.2 87.6l17.7-17.7L150 194.7 275.1 69.9l17.7 17.7L159 221.4c-2.7 2.4-5.7 3.6-9 3.6z\" fill=\"currentColor\"\/><\/svg><\/span>\n\t\t\t\t\t\t\t\t\t\t\t\t\t\t<\/span>\n\t\t\t\t\t\t\t\t\t\t\t\t<a class=\"elementor-accordion-title\" tabindex=\"0\">Yeni do\u011fan evcil hayvanlar i\u00e7in pet transfer \u00f6nerir misiniz?<\/a>\n\t\t\t\t\t<\/div>\n\t\t\t\t\t<div id=\"elementor-tab-content-1103\" class=\"elementor-tab-content elementor-clearfix\" data-tab=\"3\" role=\"region\" aria-labelledby=\"elementor-tab-title-1103\"><p>Yeni do\u011fan evcil hayvanlar en az 45 g\u00fcnl\u00fck olana kadar kesinlikle yolculuk\u00a0yapmamal\u0131d\u0131rlar. 45 g\u00fcn\u00fcn ard\u0131ndan veteriner onay\u0131 al\u0131nd\u0131ktan sonra ara\u00e7\u00a0yolculu\u011fu yapabilirler. Zorunlu \u015fartlarda yanlar\u0131nda anneleri olmak \u015fart\u0131yla pet\u00a0transfer yap\u0131labilir. Tek ba\u015f\u0131na yolculuk yapmas\u0131 zorunlulu\u011fu olan yeni do\u011fan\u00a0yavrular \u00f6zel transfer ile ula\u015f\u0131m yapabilirler. Fakat bu \u00e7ok b\u00fcy\u00fck bir risktir.<\/p><\/div>\n\t\t\t\t<\/div>\n\t\t\t\t\t\t\t<div class=\"elementor-accordion-item\">\n\t\t\t\t\t<div id=\"elementor-tab-title-1104\" class=\"elementor-tab-title\" data-tab=\"4\" role=\"button\" aria-controls=\"elementor-tab-content-1104\" aria-expanded=\"false\">\n\t\t\t\t\t\t\t\t\t\t\t\t\t<span class=\"elementor-accordion-icon elementor-accordion-icon-right\" aria-hidden=\"true\">\n\t\t\t\t\t\t\t\t\t\t\t\t\t\t\t<span class=\"elementor-accordion-icon-closed\"><svg xmlns=\"http:\/\/www.w3.org\/2000\/svg\" width=\"300\" height=\"300\" viewBox=\"0 0 300 300\" class=\"lakit-font-icon-svg\" data-icon-name=\"up-arrow\" data-icon-type=\"LaStudioIcons\"><path d=\"M275.1 230.1L150 105.3 24.9 230.1 7.2 212.4 141.3 78.6c4.8-4.8 12.6-4.8 17.7 0l133.8 133.8-17.7 17.7z\" fill=\"currentColor\"\/><\/svg><\/span>\n\t\t\t\t\t\t\t\t<span class=\"elementor-accordion-icon-opened\"><svg xmlns=\"http:\/\/www.w3.org\/2000\/svg\" width=\"300\" height=\"300\" viewBox=\"0 0 300 300\" class=\"lakit-font-icon-svg\" data-icon-name=\"down-arrow\" data-icon-type=\"LaStudioIcons\"><path d=\"M150 225c-3.3 0-6.3-1.2-8.7-3.6L7.2 87.6l17.7-17.7L150 194.7 275.1 69.9l17.7 17.7L159 221.4c-2.7 2.4-5.7 3.6-9 3.6z\" fill=\"currentColor\"\/><\/svg><\/span>\n\t\t\t\t\t\t\t\t\t\t\t\t\t\t<\/span>\n\t\t\t\t\t\t\t\t\t\t\t\t<a class=\"elementor-accordion-title\" tabindex=\"0\">Yolculuklar\u0131nda tuvalet ihtiya\u00e7lar\u0131 i\u00e7in mola veriliyor mu?<\/a>\n\t\t\t\t\t<\/div>\n\t\t\t\t\t<div id=\"elementor-tab-content-1104\" class=\"elementor-tab-content elementor-clearfix\" data-tab=\"4\" role=\"region\" aria-labelledby=\"elementor-tab-title-1104\"><p>Patili dostlar\u0131m\u0131z\u0131n b\u00fct\u00fcn ihtiya\u00e7lar\u0131 i\u00e7in mola verilmektedir. Verilen molalarda mama , su , tuvalet ve oyun ihtiya\u00e7lar\u0131 personellerimiz taraf\u0131ndan b\u00fcy\u00fck bir hassasiyetle kar\u015f\u0131lanmaktad\u0131r.<\/p><\/div>\n\t\t\t\t<\/div>\n\t\t\t\t\t\t\t\t<\/div>\n\t\t\t\t\t\t<\/div>\n\t\t\t\t<\/div>\n\t\t\t\t\t<\/div>\n\t\t<\/div>\n\t\t\t\t<div class=\"elementor-column elementor-col-50 elementor-inner-column elementor-element elementor-element-ed6eb5b lakit-col-width-auto-no\" data-id=\"ed6eb5b\" data-element_type=\"column\" data-e-type=\"column\">\n\t\t\t<div class=\"elementor-widget-wrap elementor-element-populated\">\n\t\t\t\t\t\t<div class=\"elementor-element elementor-element-3b76918 accordion-close-all elementor-widget elementor-widget-accordion\" data-id=\"3b76918\" data-element_type=\"widget\" data-e-type=\"widget\" data-widget_type=\"accordion.default\">\n\t\t\t\t<div class=\"elementor-widget-container\">\n\t\t\t\t\t\t\t<div class=\"elementor-accordion\">\n\t\t\t\t\t\t\t<div class=\"elementor-accordion-item\">\n\t\t\t\t\t<div id=\"elementor-tab-title-6231\" class=\"elementor-tab-title\" data-tab=\"1\" role=\"button\" aria-controls=\"elementor-tab-content-6231\" aria-expanded=\"false\">\n\t\t\t\t\t\t\t\t\t\t\t\t\t<span class=\"elementor-accordion-icon elementor-accordion-icon-right\" aria-hidden=\"true\">\n\t\t\t\t\t\t\t\t\t\t\t\t\t\t\t<span class=\"elementor-accordion-icon-closed\"><svg xmlns=\"http:\/\/www.w3.org\/2000\/svg\" width=\"300\" height=\"300\" viewBox=\"0 0 300 300\" class=\"lakit-font-icon-svg\" data-icon-name=\"up-arrow\" data-icon-type=\"LaStudioIcons\"><path d=\"M275.1 230.1L150 105.3 24.9 230.1 7.2 212.4 141.3 78.6c4.8-4.8 12.6-4.8 17.7 0l133.8 133.8-17.7 17.7z\" fill=\"currentColor\"\/><\/svg><\/span>\n\t\t\t\t\t\t\t\t<span class=\"elementor-accordion-icon-opened\"><svg xmlns=\"http:\/\/www.w3.org\/2000\/svg\" width=\"300\" height=\"300\" viewBox=\"0 0 300 300\" class=\"lakit-font-icon-svg\" data-icon-name=\"down-arrow\" data-icon-type=\"LaStudioIcons\"><path d=\"M150 225c-3.3 0-6.3-1.2-8.7-3.6L7.2 87.6l17.7-17.7L150 194.7 275.1 69.9l17.7 17.7L159 221.4c-2.7 2.4-5.7 3.6-9 3.6z\" fill=\"currentColor\"\/><\/svg><\/span>\n\t\t\t\t\t\t\t\t\t\t\t\t\t\t<\/span>\n\t\t\t\t\t\t\t\t\t\t\t\t<a class=\"elementor-accordion-title\" tabindex=\"0\">Ara\u00e7 ve personeller Covid-19 \u00f6nlemlerini al\u0131yor mu?<\/a>\n\t\t\t\t\t<\/div>\n\t\t\t\t\t<div id=\"elementor-tab-content-6231\" class=\"elementor-tab-content elementor-clearfix\" data-tab=\"1\" role=\"region\" aria-labelledby=\"elementor-tab-title-6231\"><p>Ara\u00e7lar\u0131m\u0131z d\u00fczenli olarak nakil esnas\u0131nda ve sonras\u0131nda detayl\u0131 bir \u015fekilde dezenfekte edilmektedir. Personellerimiz maske , eldiven ve dezenfektasyon konusunda gerekli hassasiyeti g\u00f6stermektedir.<\/p><\/div>\n\t\t\t\t<\/div>\n\t\t\t\t\t\t\t<div class=\"elementor-accordion-item\">\n\t\t\t\t\t<div id=\"elementor-tab-title-6232\" class=\"elementor-tab-title\" data-tab=\"2\" role=\"button\" aria-controls=\"elementor-tab-content-6232\" aria-expanded=\"false\">\n\t\t\t\t\t\t\t\t\t\t\t\t\t<span class=\"elementor-accordion-icon elementor-accordion-icon-right\" aria-hidden=\"true\">\n\t\t\t\t\t\t\t\t\t\t\t\t\t\t\t<span class=\"elementor-accordion-icon-closed\"><svg xmlns=\"http:\/\/www.w3.org\/2000\/svg\" width=\"300\" height=\"300\" viewBox=\"0 0 300 300\" class=\"lakit-font-icon-svg\" data-icon-name=\"up-arrow\" data-icon-type=\"LaStudioIcons\"><path d=\"M275.1 230.1L150 105.3 24.9 230.1 7.2 212.4 141.3 78.6c4.8-4.8 12.6-4.8 17.7 0l133.8 133.8-17.7 17.7z\" fill=\"currentColor\"\/><\/svg><\/span>\n\t\t\t\t\t\t\t\t<span class=\"elementor-accordion-icon-opened\"><svg xmlns=\"http:\/\/www.w3.org\/2000\/svg\" width=\"300\" height=\"300\" viewBox=\"0 0 300 300\" class=\"lakit-font-icon-svg\" data-icon-name=\"down-arrow\" data-icon-type=\"LaStudioIcons\"><path d=\"M150 225c-3.3 0-6.3-1.2-8.7-3.6L7.2 87.6l17.7-17.7L150 194.7 275.1 69.9l17.7 17.7L159 221.4c-2.7 2.4-5.7 3.6-9 3.6z\" fill=\"currentColor\"\/><\/svg><\/span>\n\t\t\t\t\t\t\t\t\t\t\t\t\t\t<\/span>\n\t\t\t\t\t\t\t\t\t\t\t\t<a class=\"elementor-accordion-title\" tabindex=\"0\">Olas\u0131 bir aksilikte ara\u00e7ta bir sa\u011fl\u0131k bilgisi olan personel bulunuyor mu?<\/a>\n\t\t\t\t\t<\/div>\n\t\t\t\t\t<div id=\"elementor-tab-content-6232\" class=\"elementor-tab-content elementor-clearfix\" data-tab=\"2\" role=\"region\" aria-labelledby=\"elementor-tab-title-6232\"><p>Olas\u0131 bir aksilikte ara\u00e7taki personelimiz ilk yard\u0131m bilgisine sahiptir. \u0130lk m\u00fcdahalenin ard\u0131ndan pet nakil arac\u0131m\u0131z\u0131n bulundu\u011fu lokasyona en yak\u0131n\u00a0veteriner klini\u011fine ( yoksa resmi veteriner hekimlikleri ) ba\u015fvurularak gerekli m\u00fcdahale yap\u0131lmaktad\u0131r.<\/p><\/div>\n\t\t\t\t<\/div>\n\t\t\t\t\t\t\t<div class=\"elementor-accordion-item\">\n\t\t\t\t\t<div id=\"elementor-tab-title-6233\" class=\"elementor-tab-title\" data-tab=\"3\" role=\"button\" aria-controls=\"elementor-tab-content-6233\" aria-expanded=\"false\">\n\t\t\t\t\t\t\t\t\t\t\t\t\t<span class=\"elementor-accordion-icon elementor-accordion-icon-right\" aria-hidden=\"true\">\n\t\t\t\t\t\t\t\t\t\t\t\t\t\t\t<span class=\"elementor-accordion-icon-closed\"><svg xmlns=\"http:\/\/www.w3.org\/2000\/svg\" width=\"300\" height=\"300\" viewBox=\"0 0 300 300\" class=\"lakit-font-icon-svg\" data-icon-name=\"up-arrow\" data-icon-type=\"LaStudioIcons\"><path d=\"M275.1 230.1L150 105.3 24.9 230.1 7.2 212.4 141.3 78.6c4.8-4.8 12.6-4.8 17.7 0l133.8 133.8-17.7 17.7z\" fill=\"currentColor\"\/><\/svg><\/span>\n\t\t\t\t\t\t\t\t<span class=\"elementor-accordion-icon-opened\"><svg xmlns=\"http:\/\/www.w3.org\/2000\/svg\" width=\"300\" height=\"300\" viewBox=\"0 0 300 300\" class=\"lakit-font-icon-svg\" data-icon-name=\"down-arrow\" data-icon-type=\"LaStudioIcons\"><path d=\"M150 225c-3.3 0-6.3-1.2-8.7-3.6L7.2 87.6l17.7-17.7L150 194.7 275.1 69.9l17.7 17.7L159 221.4c-2.7 2.4-5.7 3.6-9 3.6z\" fill=\"currentColor\"\/><\/svg><\/span>\n\t\t\t\t\t\t\t\t\t\t\t\t\t\t<\/span>\n\t\t\t\t\t\t\t\t\t\t\t\t<a class=\"elementor-accordion-title\" tabindex=\"0\">Pet nakil ara\u00e7lar\u0131n\u0131zda olas\u0131 her durum i\u00e7in tedbirler (ilk yard\u0131m \u00e7antas\u0131 vs.) al\u0131nd\u0131 m\u0131?<\/a>\n\t\t\t\t\t<\/div>\n\t\t\t\t\t<div id=\"elementor-tab-content-6233\" class=\"elementor-tab-content elementor-clearfix\" data-tab=\"3\" role=\"region\" aria-labelledby=\"elementor-tab-title-6233\"><p>Pet nakil ara\u00e7lar\u0131m\u0131zda olas\u0131 bir kaza, yaralanma gibi durumlarda kullan\u0131lmak\u00a0\u00fczere ilk yard\u0131m \u00e7antalar\u0131 bulunmaktad\u0131r. Fakat t\u0131bbi olarak tedavi maksatl\u0131\u00a0kullan\u0131lmakta olan ila\u00e7lar\u0131 veteriner hekimlerin birebir t\u0131bbi cihazlar ile te\u015fhis\u00a0koyarak uygulamas\u0131 gerekti\u011fi i\u00e7in bu tip ila\u00e7lar\u0131 bulundurmuyoruz. Pet nakil\u00a0ara\u00e7lar\u0131m\u0131zda bir evcil hayvan\u0131n g\u00fcnl\u00fck ya\u015fant\u0131s\u0131nda ihtiya\u00e7 duyabilece\u011fi bir\u00e7ok\u00a0malzeme yedek olarak bulunmaktad\u0131r.<\/p><\/div>\n\t\t\t\t<\/div>\n\t\t\t\t\t\t\t<div class=\"elementor-accordion-item\">\n\t\t\t\t\t<div id=\"elementor-tab-title-6234\" class=\"elementor-tab-title\" data-tab=\"4\" role=\"button\" aria-controls=\"elementor-tab-content-6234\" aria-expanded=\"false\">\n\t\t\t\t\t\t\t\t\t\t\t\t\t<span class=\"elementor-accordion-icon elementor-accordion-icon-right\" aria-hidden=\"true\">\n\t\t\t\t\t\t\t\t\t\t\t\t\t\t\t<span class=\"elementor-accordion-icon-closed\"><svg xmlns=\"http:\/\/www.w3.org\/2000\/svg\" width=\"300\" height=\"300\" viewBox=\"0 0 300 300\" class=\"lakit-font-icon-svg\" data-icon-name=\"up-arrow\" data-icon-type=\"LaStudioIcons\"><path d=\"M275.1 230.1L150 105.3 24.9 230.1 7.2 212.4 141.3 78.6c4.8-4.8 12.6-4.8 17.7 0l133.8 133.8-17.7 17.7z\" fill=\"currentColor\"\/><\/svg><\/span>\n\t\t\t\t\t\t\t\t<span class=\"elementor-accordion-icon-opened\"><svg xmlns=\"http:\/\/www.w3.org\/2000\/svg\" width=\"300\" height=\"300\" viewBox=\"0 0 300 300\" class=\"lakit-font-icon-svg\" data-icon-name=\"down-arrow\" data-icon-type=\"LaStudioIcons\"><path d=\"M150 225c-3.3 0-6.3-1.2-8.7-3.6L7.2 87.6l17.7-17.7L150 194.7 275.1 69.9l17.7 17.7L159 221.4c-2.7 2.4-5.7 3.6-9 3.6z\" fill=\"currentColor\"\/><\/svg><\/span>\n\t\t\t\t\t\t\t\t\t\t\t\t\t\t<\/span>\n\t\t\t\t\t\t\t\t\t\t\t\t<a class=\"elementor-accordion-title\" tabindex=\"0\">Evcil hayvanlar\u0131m\u0131z\u0131 teslim etti\u011fimiz personeller bu alanda uzmanlar m\u0131? Yeterli donan\u0131ma sahipler mi?<\/a>\n\t\t\t\t\t<\/div>\n\t\t\t\t\t<div id=\"elementor-tab-content-6234\" class=\"elementor-tab-content elementor-clearfix\" data-tab=\"4\" role=\"region\" aria-labelledby=\"elementor-tab-title-6234\"><p>Personellerimiz gerekti\u011finde ilk m\u00fcdahaleyi yapabilecek ilk yard\u0131m bilgisine ve patili dostlar\u0131m\u0131z\u0131n yolculu\u011fa haz\u0131rl\u0131k , yolculuk s\u00fcresince ve yolculuktan sonraki\u00a0ihtiya\u00e7lar\u0131 konusunda taraf\u0131m\u0131zdan e\u011fitime tabi tutulmu\u015flard\u0131r. Gerekli durumlarda alanlar\u0131nda uzman veteriner hekimlerimiz taraf\u0131ndan 7\/24 destek\u00a0alabilmekteyiz. Bu sayede can dostlar\u0131m\u0131z T\u00fcrkiye\u2019nin neresinde olursa olsun her\u00a0zaman H\u0131z\u0131r Pet Nakil ailesinin profesyonel hizmet anlay\u0131\u015f\u0131yla g\u00fcvende olacakt\u0131r.<\/p><\/div>\n\t\t\t\t<\/div>\n\t\t\t\t\t\t\t\t<\/div>\n\t\t\t\t\t\t<\/div>\n\t\t\t\t<\/div>\n\t\t\t\t\t<\/div>\n\t\t<\/div>\n\t\t\t\t\t<\/div>\n\t\t<\/div>\n\t\t\t\t\t<\/div>\n\t\t<\/div>\n\t\t\t\t\t<\/div>\n\t\t<\/div>\n\t\t\t\t<div class=\"elementor-section elementor-top-section elementor-element elementor-element-9c08e82 elementor-section-boxed elementor-section-height-default elementor-section-height-default e-parent\" data-id=\"9c08e82\" data-element_type=\"section\" data-e-type=\"section\">\n\t\t\t\t\t\t<div class=\"elementor-container elementor-column-gap-no\">\n\t\t\t\t\t<div class=\"elementor-column elementor-col-100 elementor-top-column elementor-element elementor-element-66e570a lakit-col-width-auto-no\" data-id=\"66e570a\" data-element_type=\"column\" data-e-type=\"column\">\n\t\t\t<div class=\"elementor-widget-wrap elementor-element-populated\">\n\t\t\t\t\t\t<div class=\"elementor-section elementor-inner-section elementor-element elementor-element-2e17b9b elementor-section-full_width elementor-section-height-default elementor-section-height-default\" data-id=\"2e17b9b\" data-element_type=\"section\" data-e-type=\"section\">\n\t\t\t\t\t\t<div class=\"elementor-container elementor-column-gap-no\">\n\t\t\t\t\t<div class=\"elementor-column elementor-col-50 elementor-inner-column elementor-element elementor-element-d89eaac lakit-col-width-auto-no\" data-id=\"d89eaac\" data-element_type=\"column\" data-e-type=\"column\">\n\t\t\t<div class=\"elementor-widget-wrap\">\n\t\t\t\t\t\t\t<\/div>\n\t\t<\/div>\n\t\t\t\t<div class=\"elementor-column elementor-col-50 elementor-inner-column elementor-element elementor-element-66dd9c6 lakit-col-width-auto-no\" data-id=\"66dd9c6\" data-element_type=\"column\" data-e-type=\"column\">\n\t\t\t<div class=\"elementor-widget-wrap\">\n\t\t\t\t\t\t\t<\/div>\n\t\t<\/div>\n\t\t\t\t\t<\/div>\n\t\t<\/div>\n\t\t\t\t\t<\/div>\n\t\t<\/div>\n\t\t\t\t\t<\/div>\n\t\t<\/div>\n\t\t\t\t<\/div>\n\t\t","protected":false},"excerpt":{"rendered":"<p>Yard\u0131ma M\u0131 \u0130htiyac\u0131n\u0131z Var? S\u0131k\u00e7a Sorulan Sorular Uzun yolculuklarda evcil hayvanlar\u0131n uyku saatlerine dikkat ediliyor mu? Uzun yolculuklarda evcil hayvanlar\u0131n rahat uyuyabilmesi ve personellerimizin istirahat [&hellip;]<\/p>\n","protected":false},"author":1,"featured_media":0,"parent":0,"menu_order":0,"comment_status":"closed","ping_status":"closed","template":"","meta":{"_joinchat":[],"footnotes":""},"class_list":["post-1400","page","type-page","status-publish","hentry"],"_links":{"self":[{"href":"http:\/\/elitpettransfer.com\/index.php?rest_route=\/wp\/v2\/pages\/1400","targetHints":{"allow":["GET"]}}],"collection":[{"href":"http:\/\/elitpettransfer.com\/index.php?rest_route=\/wp\/v2\/pages"}],"about":[{"href":"http:\/\/elitpettransfer.com\/index.php?rest_route=\/wp\/v2\/types\/page"}],"author":[{"embeddable":true,"href":"http:\/\/elitpettransfer.com\/index.php?rest_route=\/wp\/v2\/users\/1"}],"replies":[{"embeddable":true,"href":"http:\/\/elitpettransfer.com\/index.php?rest_route=%2Fwp%2Fv2%2Fcomments&post=1400"}],"version-history":[{"count":5,"href":"http:\/\/elitpettransfer.com\/index.php?rest_route=\/wp\/v2\/pages\/1400\/revisions"}],"predecessor-version":[{"id":4930,"href":"http:\/\/elitpettransfer.com\/index.php?rest_route=\/wp\/v2\/pages\/1400\/revisions\/4930"}],"wp:attachment":[{"href":"http:\/\/elitpettransfer.com\/index.php?rest_route=%2Fwp%2Fv2%2Fmedia&parent=1400"}],"curies":[{"name":"wp","href":"https:\/\/api.w.org\/{rel}","templated":true}]}}