{"id":3063,"date":"2021-09-30T03:48:56","date_gmt":"2021-09-29T20:48:56","guid":{"rendered":"https:\/\/jinx.la-studioweb.com\/?page_id=3063"},"modified":"2022-02-04T17:48:59","modified_gmt":"2022-02-04T17:48:59","slug":"ann-griffin","status":"publish","type":"page","link":"http:\/\/elitpettransfer.com\/?page_id=3063","title":{"rendered":"Ann Griffin"},"content":{"rendered":"\t\t<div data-elementor-type=\"wp-page\" data-elementor-id=\"3063\" class=\"elementor elementor-3063\">\n\t\t\t\t\t\t<div class=\"elementor-section elementor-top-section elementor-element elementor-element-7310bed elementor-section-height-min-height elementor-section-boxed elementor-section-height-default elementor-section-items-middle e-parent\" data-id=\"7310bed\" data-element_type=\"section\" data-e-type=\"section\" data-settings=\"{&quot;background_background&quot;:&quot;classic&quot;}\">\n\t\t\t\t\t\t<div class=\"elementor-container elementor-column-gap-no\">\n\t\t\t\t\t<div class=\"elementor-column elementor-col-100 elementor-top-column elementor-element elementor-element-a61e7ee lakit-col-width-auto-no\" data-id=\"a61e7ee\" data-element_type=\"column\" data-e-type=\"column\">\n\t\t\t<div class=\"elementor-widget-wrap elementor-element-populated\">\n\t\t\t\t\t\t<div class=\"elementor-element elementor-element-ba4026d elementor-widget elementor-widget-heading\" data-id=\"ba4026d\" data-element_type=\"widget\" data-e-type=\"widget\" data-widget_type=\"heading.default\">\n\t\t\t\t<div class=\"elementor-widget-container\">\n\t\t\t\t\t<h1 class=\"elementor-heading-title elementor-size-default\">Veterinerlerimiz<\/h1>\t\t\t\t<\/div>\n\t\t\t\t<\/div>\n\t\t\t\t\t<\/div>\n\t\t<\/div>\n\t\t\t\t\t<\/div>\n\t\t<\/div>\n\t\t\t\t<div class=\"elementor-section elementor-top-section elementor-element elementor-element-14b974a elementor-section-boxed elementor-section-height-default elementor-section-height-default e-parent\" data-id=\"14b974a\" data-element_type=\"section\" data-e-type=\"section\">\n\t\t\t\t\t\t<div class=\"elementor-container elementor-column-gap-no\">\n\t\t\t\t\t<div class=\"elementor-column elementor-col-50 elementor-top-column elementor-element elementor-element-47f6855 lakit-col-width-auto-no\" data-id=\"47f6855\" data-element_type=\"column\" data-e-type=\"column\">\n\t\t\t<div class=\"elementor-widget-wrap elementor-element-populated\">\n\t\t\t\t\t\t<div class=\"elementor-element elementor-element-ef262f7 elementor-invisible elementor-widget elementor-widget-image\" data-id=\"ef262f7\" data-element_type=\"widget\" data-e-type=\"widget\" data-settings=\"{&quot;_animation&quot;:&quot;lakitShortFadeInUp&quot;}\" data-widget_type=\"image.default\">\n\t\t\t\t<div class=\"elementor-widget-container\">\n\t\t\t\t\t\t\t\t\t\t\t\t\t\t\t<img fetchpriority=\"high\" decoding=\"async\" width=\"436\" height=\"436\" src=\"http:\/\/elitpettransfer.com\/wp-content\/uploads\/2022\/02\/o-m-3-1.jpg\" class=\"attachment-full size-full wp-image-4534\" alt=\"\" \/>\t\t\t\t\t\t\t\t\t\t\t\t\t\t\t<\/div>\n\t\t\t\t<\/div>\n\t\t\t\t<div class=\"elementor-element elementor-element-71026bb elementor-shape-circle elementor-grid-0 e-grid-align-center elementor-invisible elementor-widget elementor-widget-social-icons\" data-id=\"71026bb\" data-element_type=\"widget\" data-e-type=\"widget\" data-settings=\"{&quot;_animation&quot;:&quot;lakitShortFadeInUp&quot;,&quot;_animation_delay&quot;:200}\" data-widget_type=\"social-icons.default\">\n\t\t\t\t<div class=\"elementor-widget-container\">\n\t\t\t\t\t\t\t<div class=\"elementor-social-icons-wrapper elementor-grid\" role=\"list\">\n\t\t\t\t\t\t\t<span class=\"elementor-grid-item\" role=\"listitem\">\n\t\t\t\t\t<a class=\"elementor-icon elementor-social-icon elementor-social-icon-lastudioicon-b-facebook elementor-repeater-item-bf65941\" href=\"https:\/\/facebook.com\/\" target=\"_blank\">\n\t\t\t\t\t\t<span class=\"elementor-screen-only\">Lastudioicon-b-facebook<\/span>\n\t\t\t\t\t\t<svg xmlns=\"http:\/\/www.w3.org\/2000\/svg\" width=\"172\" height=\"300\" viewBox=\"0 0 172 300\" class=\"lakit-font-icon-svg\" data-icon-name=\"b-facebook\" data-icon-type=\"LaStudioIcons\"><path d=\"M160.5 2.1v44.1h-26.1q-14.4 0-19.5 6t-5.1 18V102H159l-6.6 49.5h-42.6v127.2H58.5V151.5H15.9V102h42.6V65.4q0-31.2 17.4-48.3T122.4 0q24.6 0 38.1 2.1z\" fill=\"currentColor\"\/><\/svg>\t\t\t\t\t<\/a>\n\t\t\t\t<\/span>\n\t\t\t\t\t\t\t<span class=\"elementor-grid-item\" role=\"listitem\">\n\t\t\t\t\t<a class=\"elementor-icon elementor-social-icon elementor-social-icon-lastudioicon-b-twitter elementor-repeater-item-85dfbd1\" href=\"https:\/\/twitter.com\/\" target=\"_blank\">\n\t\t\t\t\t\t<span class=\"elementor-screen-only\">Lastudioicon-b-twitter<\/span>\n\t\t\t\t\t\t<svg xmlns=\"http:\/\/www.w3.org\/2000\/svg\" width=\"279\" height=\"300\" viewBox=\"0 0 279 300\" class=\"lakit-font-icon-svg\" data-icon-name=\"b-twitter\" data-icon-type=\"LaStudioIcons\"><path d=\"M271.2 68.4q-11.1 16.2-27 27.9v6.9q0 21.9-6.3 43.5t-19.2 41.7-30.9 35.1-43.2 24.6-54.3 9q-45.3 0-82.8-24.3 5.7.6 12.9.6 37.8 0 67.2-23.1-17.7-.3-31.5-10.8t-19.2-26.7q5.7.9 10.2.9 7.2 0 14.4-1.8-18.9-3.9-31.2-18.6T18 118.8v-.6q11.4 6.3 24.6 6.9-11.1-7.5-17.7-19.2t-6.6-25.8q0-14.7 7.5-27.3Q46.2 77.7 75 92.7t62.4 16.5q-1.5-6.3-1.5-12.3 0-22.5 15.9-38.1t38.1-15.9q23.7 0 39.6 17.1 18.3-3.6 34.5-13.2-6.3 19.2-24 30 15.6-1.8 31.2-8.4z\" fill=\"currentColor\"\/><\/svg>\t\t\t\t\t<\/a>\n\t\t\t\t<\/span>\n\t\t\t\t\t\t\t<span class=\"elementor-grid-item\" role=\"listitem\">\n\t\t\t\t\t<a class=\"elementor-icon elementor-social-icon elementor-social-icon-lastudioicon-b-instagram-1 elementor-repeater-item-78a95a8\" href=\"https:\/\/www.instagram.com\/\" target=\"_blank\">\n\t\t\t\t\t\t<span class=\"elementor-screen-only\">Lastudioicon-b-instagram-1<\/span>\n\t\t\t\t\t\t<svg xmlns=\"http:\/\/www.w3.org\/2000\/svg\" width=\"258\" height=\"300\" viewBox=\"0 0 258 300\" class=\"lakit-font-icon-svg\" data-icon-name=\"b-instagram-1\" data-icon-type=\"LaStudioIcons\"><path d=\"M207 150q0-7.8-1.8-15H258v103.2q0 16.8-11.7 28.8t-28.5 12H40.2q-16.8 0-28.5-12T0 238.2V135h52.2q-1.2 9.6-1.2 15 0 31.8 22.8 54.9T129 228q31.8 0 54.9-23.1T207 150zm10.8-129q16.8 0 28.5 11.7T258 61.2V105h-65.4Q169.2 72 129 72q-41.4 0-63.6 33H0V61.2q0-16.8 11.7-28.5T40.2 21h177.6zM237 70.8V49.2q0-7.2-7.2-7.2h-21.6q-7.2 0-7.2 7.2v21.6q0 2.4 2.1 4.8t5.1 2.4h21.6q7.2 0 7.2-7.2zM177 150q0 19.8-14.1 33.9T129 198t-33.9-14.1T81 150q0-20.4 14.1-34.2T129 102t33.9 13.8T177 150z\" fill=\"currentColor\"\/><\/svg>\t\t\t\t\t<\/a>\n\t\t\t\t<\/span>\n\t\t\t\t\t<\/div>\n\t\t\t\t\t\t<\/div>\n\t\t\t\t<\/div>\n\t\t\t\t\t<\/div>\n\t\t<\/div>\n\t\t\t\t<div class=\"elementor-column elementor-col-50 elementor-top-column elementor-element elementor-element-1becd50 lakit-col-width-auto-no\" data-id=\"1becd50\" data-element_type=\"column\" data-e-type=\"column\">\n\t\t\t<div class=\"elementor-widget-wrap elementor-element-populated\">\n\t\t\t\t\t\t<div class=\"elementor-element elementor-element-6840680 elementor-invisible elementor-widget elementor-widget-heading\" data-id=\"6840680\" data-element_type=\"widget\" data-e-type=\"widget\" data-settings=\"{&quot;_animation&quot;:&quot;lakitShortFadeInUp&quot;,&quot;_animation_delay&quot;:100}\" data-widget_type=\"heading.default\">\n\t\t\t\t<div class=\"elementor-widget-container\">\n\t\t\t\t\t<h2 class=\"elementor-heading-title elementor-size-default\">Selma \u015eahin<\/h2>\t\t\t\t<\/div>\n\t\t\t\t<\/div>\n\t\t\t\t<div class=\"elementor-element elementor-element-404c846 elementor-invisible elementor-widget elementor-widget-heading\" data-id=\"404c846\" data-element_type=\"widget\" data-e-type=\"widget\" data-settings=\"{&quot;_animation&quot;:&quot;lakitShortFadeInUp&quot;,&quot;_animation_delay&quot;:200}\" data-widget_type=\"heading.default\">\n\t\t\t\t<div class=\"elementor-widget-container\">\n\t\t\t\t\t<div class=\"elementor-heading-title elementor-size-default\">Veteriner<\/div>\t\t\t\t<\/div>\n\t\t\t\t<\/div>\n\t\t\t\t<div class=\"elementor-element elementor-element-7e96d6a elementor-invisible elementor-widget elementor-widget-text-editor\" data-id=\"7e96d6a\" data-element_type=\"widget\" data-e-type=\"widget\" data-settings=\"{&quot;_animation&quot;:&quot;lakitShortFadeInUp&quot;,&quot;_animation_delay&quot;:300}\" data-widget_type=\"text-editor.default\">\n\t\t\t\t<div class=\"elementor-widget-container\">\n\t\t\t\t\t\t\t\t\t<p>Evcil hayvan bak\u0131m ve tadavisi alan\u0131nda uzman ekibimizin \u00fcyelerinden olan Selma han\u0131m transfer \u00f6ncesi k\u00fc\u00e7\u00fck dostlar\u0131m\u0131z\u0131n muayenelerini yaparak yolculuk s\u0131ras\u0131nda olu\u015fabilecek sorunlar\u0131 \u00f6nceden tespit ederek; Sevimli dostlar\u0131m\u0131z\u0131n daha iyi bir yolculuk ge\u00e7irmesini sa\u011fl\u0131yor.<\/p>\t\t\t\t\t\t\t\t<\/div>\n\t\t\t\t<\/div>\n\t\t\t\t<div class=\"elementor-element elementor-element-b898570 elementor-widget__width-initial elementor-invisible elementor-widget lastudio-kit elementor-lakit-progress-bar\" data-id=\"b898570\" data-element_type=\"widget\" data-e-type=\"widget\" data-settings=\"{&quot;_animation&quot;:&quot;lakitShortFadeInUp&quot;,&quot;_animation_delay&quot;:350}\" data-widget_type=\"lakit-progress-bar.default\">\n\t\t\t\t\t<div class=\"lakit-progress-bar lakit-progress-bar-type-3\" data-percent=\"91\" data-type=\"type-3\">\n\t<div class=\"lakit-progress-bar__inner\">\n\t<div class=\"lakit-progress-bar__wrapper\">\n\t\t<div class=\"lakit-progress-bar__status-bar\">\n\t\t\t<div class=\"lakit-progress-bar__percent\"><span class=\"lakit-progress-bar__percent-value\">0<\/span><span class=\"lakit-progress-bar__percent-suffix\">&#37;<\/span><\/div>\n\t\t<\/div>\n\t<\/div>\n\t<div class=\"lakit-progress-bar__title\"><span class=\"lakit-progress-bar__title-text\">Evcil Hayvan bak\u0131m\u0131<\/span><\/div>\n<\/div>\n<\/div>\n\t\t\t\t<\/div>\n\t\t\t\t<div class=\"elementor-element elementor-element-d8c8fe3 elementor-widget__width-initial elementor-invisible elementor-widget lastudio-kit elementor-lakit-progress-bar\" data-id=\"d8c8fe3\" data-element_type=\"widget\" data-e-type=\"widget\" data-settings=\"{&quot;_animation&quot;:&quot;lakitShortFadeInUp&quot;,&quot;_animation_delay&quot;:350}\" data-widget_type=\"lakit-progress-bar.default\">\n\t\t\t\t\t<div class=\"lakit-progress-bar lakit-progress-bar-type-3\" data-percent=\"90\" data-type=\"type-3\">\n\t<div class=\"lakit-progress-bar__inner\">\n\t<div class=\"lakit-progress-bar__wrapper\">\n\t\t<div class=\"lakit-progress-bar__status-bar\">\n\t\t\t<div class=\"lakit-progress-bar__percent\"><span class=\"lakit-progress-bar__percent-value\">0<\/span><span class=\"lakit-progress-bar__percent-suffix\">&#37;<\/span><\/div>\n\t\t<\/div>\n\t<\/div>\n\t<div class=\"lakit-progress-bar__title\"><span class=\"lakit-progress-bar__title-text\">Pet Shop<\/span><\/div>\n<\/div>\n<\/div>\n\t\t\t\t<\/div>\n\t\t\t\t<div class=\"elementor-element elementor-element-fa2b8b3 elementor-widget__width-initial elementor-invisible elementor-widget lastudio-kit elementor-lakit-progress-bar\" data-id=\"fa2b8b3\" data-element_type=\"widget\" data-e-type=\"widget\" data-settings=\"{&quot;_animation&quot;:&quot;lakitShortFadeInUp&quot;,&quot;_animation_delay&quot;:350}\" data-widget_type=\"lakit-progress-bar.default\">\n\t\t\t\t\t<div class=\"lakit-progress-bar lakit-progress-bar-type-3\" data-percent=\"97\" data-type=\"type-3\">\n\t<div class=\"lakit-progress-bar__inner\">\n\t<div class=\"lakit-progress-bar__wrapper\">\n\t\t<div class=\"lakit-progress-bar__status-bar\">\n\t\t\t<div class=\"lakit-progress-bar__percent\"><span class=\"lakit-progress-bar__percent-value\">0<\/span><span class=\"lakit-progress-bar__percent-suffix\">&#37;<\/span><\/div>\n\t\t<\/div>\n\t<\/div>\n\t<div class=\"lakit-progress-bar__title\"><span class=\"lakit-progress-bar__title-text\">Veteriner<\/span><\/div>\n<\/div>\n<\/div>\n\t\t\t\t<\/div>\n\t\t\t\t\t<\/div>\n\t\t<\/div>\n\t\t\t\t\t<\/div>\n\t\t<\/div>\n\t\t\t\t<\/div>\n\t\t","protected":false},"excerpt":{"rendered":"<p>Veterinerlerimiz Lastudioicon-b-facebook Lastudioicon-b-twitter Lastudioicon-b-instagram-1 Selma \u015eahin Veteriner Evcil hayvan bak\u0131m ve tadavisi alan\u0131nda uzman ekibimizin \u00fcyelerinden olan Selma han\u0131m transfer \u00f6ncesi k\u00fc\u00e7\u00fck dostlar\u0131m\u0131z\u0131n muayenelerini yaparak [&hellip;]<\/p>\n","protected":false},"author":1,"featured_media":0,"parent":1332,"menu_order":0,"comment_status":"closed","ping_status":"closed","template":"","meta":{"_joinchat":[],"footnotes":""},"class_list":["post-3063","page","type-page","status-publish","hentry"],"_links":{"self":[{"href":"http:\/\/elitpettransfer.com\/index.php?rest_route=\/wp\/v2\/pages\/3063","targetHints":{"allow":["GET"]}}],"collection":[{"href":"http:\/\/elitpettransfer.com\/index.php?rest_route=\/wp\/v2\/pages"}],"about":[{"href":"http:\/\/elitpettransfer.com\/index.php?rest_route=\/wp\/v2\/types\/page"}],"author":[{"embeddable":true,"href":"http:\/\/elitpettransfer.com\/index.php?rest_route=\/wp\/v2\/users\/1"}],"replies":[{"embeddable":true,"href":"http:\/\/elitpettransfer.com\/index.php?rest_route=%2Fwp%2Fv2%2Fcomments&post=3063"}],"version-history":[{"count":4,"href":"http:\/\/elitpettransfer.com\/index.php?rest_route=\/wp\/v2\/pages\/3063\/revisions"}],"predecessor-version":[{"id":4909,"href":"http:\/\/elitpettransfer.com\/index.php?rest_route=\/wp\/v2\/pages\/3063\/revisions\/4909"}],"up":[{"embeddable":true,"href":"http:\/\/elitpettransfer.com\/index.php?rest_route=\/wp\/v2\/pages\/1332"}],"wp:attachment":[{"href":"http:\/\/elitpettransfer.com\/index.php?rest_route=%2Fwp%2Fv2%2Fmedia&parent=3063"}],"curies":[{"name":"wp","href":"https:\/\/api.w.org\/{rel}","templated":true}]}}